{"id":3474,"date":"2010-02-22T14:05:43","date_gmt":"2010-02-22T13:05:43","guid":{"rendered":"http:\/\/www.natascha-arnold.com\/?page_id=3474"},"modified":"2025-08-19T15:42:27","modified_gmt":"2025-08-19T14:42:27","slug":"uber-mich","status":"publish","type":"page","link":"https:\/\/www.natascha-arnold.com\/?page_id=3474","title":{"rendered":"\u00fcber mich"},"content":{"rendered":"<p style=\"text-align: center;\">Natascha Arnold, Jahrgang 1972, geb\u00fcrtige\u00a0 und ans\u00e4ssige Pforzheimerin.<\/p>\n<p style=\"text-align: center;\"><img decoding=\"async\" loading=\"lazy\" src=\"\/wp-content\/uploads\/gallery\/musik\/neu.jpg\" alt=\"neu\" width=\"149\" height=\"193\" \/><img decoding=\"async\" loading=\"lazy\" src=\"\/wp-content\/uploads\/gallery\/pforzheim\/meinpz.jpg\" alt=\"meinpz\" width=\"194\" height=\"193\" \/><img decoding=\"async\" loading=\"lazy\" src=\"\/wp-content\/uploads\/gallery\/pforzheim\/map_pforzheim1.jpg\" alt=\"map pforzheim1\" width=\"153\" height=\"193\" \/><\/p>\n<h4 style=\"text-align: center;\"><\/h4>\n<div style=\"text-align: center;\"><\/div>\n<h6><\/h6>\n<p style=\"text-align: center;\">Seit 2007 stehe ich gesch\u00e4ftlich auf eigenen Beinen. Ich singe Backing Vocals und Solos f\u00fcr diverse Musikproduktionen, vorwiegend im Bereich Schlager. Zunehmend wird auch Demogesang als Vorlage f\u00fcr Newcomer verlangt. Ebenso von Komponisten, die ihre Songs gesanglich umgesetzt haben m\u00f6chten.<\/p>\n<p style=\"text-align: center;\">Mein Aufnahmestudio erm\u00f6glicht mir, die Auftragsarbeiten alleine und ungest\u00f6rt, aber dadurch konzentriert und sehr effizient einzusingen. Durch die zahlreichen Auftr\u00e4ge von renomierten Kunden und der Zusammenarbeit mit modernen Studios im In- und Ausland nutze ich einen Auftragsablauf, der dem von Studiomusikern \u00e4hnlich ist und viele Vorteile f\u00fcr meine Kunden mitbringt. Diese Methode nennt man im\u00a0 Allgemeinen <strong>&#8222;Vocals-On-Demand&#8220;<\/strong>.<\/p>\n<p style=\"text-align: center;\">Desweiteren bin ich mit verschiedenen Musikkollegen auch live auf Achse. N\u00e4heres hierzu finden Sie unter <strong>&#8222;Natascha Live&#8220;<\/strong>.<\/p>\n<p style=\"text-align: center;\">Meine restliche Zeit verbringe ich mit meiner Lieblingsbesch\u00e4ftigung, dem Komponieren. Ab und zu schreibe ich auch Songtexte. Aus meinen Kompositionen wurden bislang ca. 500 Titel ver\u00f6ffentlicht. Viele K\u00fcnstler im In- und Ausland singen Titel aus meiner Feder. Wer das im einzelnen ist, steht bei <strong>&#8222;Ver\u00f6ffentlichungen&#8220;<\/strong>.<\/p>\n<h6><\/h6>\n<h4 style=\"text-align: center;\"><\/h4>\n<h3><strong>Vorgeschichte<\/strong><\/h3>\n<h4 style=\"text-align: left;\"><\/h4>\n<h6 style=\"text-align: left;\"><\/h6>\n<h4><\/h4>\n<h4 style=\"text-align: left;\">Erfahrung in der Musik<\/h4>\n<h4 style=\"text-align: left;\"><\/h4>\n<p style=\"text-align: left;\"><img decoding=\"async\" loading=\"lazy\" src=\"http:\/\/www.natascha-arnold.com\/wp-content\/uploads\/gallery\/musik\/hut.jpg\" alt=\"\" width=\"132\" height=\"186\" \/><\/p>\n<h4 style=\"text-align: left;\"><\/h4>\n<p style=\"text-align: left;\">Wichtigen Erfahrungen und Erkenntnisse sammelte ich als Studios\u00e4ngerin in mehr als 30 Jahren bei Produktionen in Deutschland, in der Schweiz, in \u00d6sterreich und S\u00fcdtirol.<\/p>\n<p style=\"text-align: left;\">Gepr\u00e4gt hat mich auch meine 40-j\u00e4hrige B\u00fchnen-Aktivit\u00e4t als S\u00e4ngerin in den unten genannten Bands.<\/p>\n<h6 style=\"text-align: center;\"><\/h6>\n<p style=\"text-align: left;\">\u00a0\u00a0 \u00a0 \u2022 &#8222;Peter Esser Big Band&#8220;<\/p>\n<p style=\"text-align: left;\">\u00a0\u00a0 \u00a0 \u2022 &#8222;G\u00e4u-Echo&#8220;<\/p>\n<p style=\"text-align: left;\">\u00a0\u00a0 \u00a0 \u2022 &#8222;Dreil\u00e4nder Quintett&#8220;<\/p>\n<p style=\"text-align: left;\">\u00a0\u00a0 \u00a0 \u2022 &#8222;Edelwei\u00df-Musikanten&#8220; (TV-Auftritt bei SWR4)<\/p>\n<p style=\"text-align: left;\">\u00a0\u00a0 \u00a0 \u2022 Tanz- und Partyband &#8222;Daddys&#8220;<\/p>\n<p style=\"text-align: left;\">\u00a0\u00a0\u00a0\u00a0 \u2022 &#8222;Top Secret&#8220;<\/p>\n<p style=\"text-align: left;\">\u00a0\u00a0\u00a0\u00a0 \u2022 &#8222;Piccolos&#8220;<\/p>\n<p style=\"text-align: left;\">\u00a0\u00a0\u00a0\u00a0 \u2022 &#8222;Michael Klostermann und seine Musikanten&#8220; (TV-Auftritt bei SAT1)<\/p>\n<p style=\"text-align: left;\">\u00a0\u00a0\u00a0\u00a0 \u2022 &#8222;Sascha und Natascha&#8220;<\/p>\n<p style=\"text-align: left;\">\u00a0\u00a0\u00a0\u00a0 \u2022 &#8222;Tom Robin Band&#8220;<\/p>\n<p style=\"text-align: left;\">\u00a0\u00a0\u00a0\u00a0 \u2022 Tanz- und Partyband &#8222;Colorados&#8220;<\/p>\n<p style=\"text-align: left;\">\u00a0\u00a0\u00a0\u00a0 \u2022 &#8222;Casino-Band Baden-Baden&#8220;<\/p>\n<p>&nbsp;<\/p>\n<p style=\"text-align: left;\"><strong>Aktuell<\/strong> trete ich wechselweise in verschiedenen Besetzungen auf, die bei <a href=\"http:\/\/www.natascha-arnold.com\/?page_id=3571\">Natascha Live<\/a>\u00a0 aufgef\u00fchrt sind.<sup><sub><br \/>\n<\/sub><\/sup><\/p>\n<h4 style=\"text-align: left;\"><\/h4>\n<p><img decoding=\"async\" loading=\"lazy\" src=\"wp-content\/uploads\/gallery\/kompos\/naddi.jpg\" alt=\"naddi\" width=\"142\" height=\"190\" \/><\/p>\n<h4><\/h4>\n<h4 style=\"text-align: left;\">Musikstile\/Repertoire<\/h4>\n<h6><\/h6>\n<p>\u2022 Schlager<\/p>\n<p>\u2022 Oldies<\/p>\n<p>\u2022 Volksmusik<\/p>\n<p>\u2022 Partyhits<\/p>\n<p>\u2022 Pop<\/p>\n<p>\u2022 Charthits<\/p>\n<p>\u2022 Dance<\/p>\n<p>\u2022 Jazzstandards \/ Dinnermusik<\/p>\n<p>\u2022 Rock<\/p>\n<p>\u2022 Country<\/p>\n<p>\u2022 Standard-und Latein, Salsa, Bachata, Merengue<\/p>\n<p>\u2022 Eigenkompositionen<\/p>\n<h6><\/h6>\n<p style=\"text-align: left;\">Die Texte interpretiere ich in deutsch, englisch, kroatisch, spanisch, italienisch und franz\u00f6sisch.<\/p>\n","protected":false},"excerpt":{"rendered":"<p>Natascha Arnold, Jahrgang 1972, geb\u00fcrtige\u00a0 und ans\u00e4ssige Pforzheimerin. Seit 2007 stehe ich gesch\u00e4ftlich auf eigenen Beinen. Ich singe Backing Vocals und Solos f\u00fcr diverse Musikproduktionen, vorwiegend im Bereich Schlager. Zunehmend wird auch Demogesang als Vorlage f\u00fcr Newcomer verlangt. Ebenso von Komponisten, die ihre Songs gesanglich umgesetzt haben m\u00f6chten. Mein Aufnahmestudio erm\u00f6glicht mir, die Auftragsarbeiten alleine [&hellip;]<\/p>\n","protected":false},"author":1,"featured_media":0,"parent":0,"menu_order":2,"comment_status":"open","ping_status":"open","template":"","meta":[],"_links":{"self":[{"href":"https:\/\/www.natascha-arnold.com\/index.php?rest_route=\/wp\/v2\/pages\/3474"}],"collection":[{"href":"https:\/\/www.natascha-arnold.com\/index.php?rest_route=\/wp\/v2\/pages"}],"about":[{"href":"https:\/\/www.natascha-arnold.com\/index.php?rest_route=\/wp\/v2\/types\/page"}],"author":[{"embeddable":true,"href":"https:\/\/www.natascha-arnold.com\/index.php?rest_route=\/wp\/v2\/users\/1"}],"replies":[{"embeddable":true,"href":"https:\/\/www.natascha-arnold.com\/index.php?rest_route=%2Fwp%2Fv2%2Fcomments&post=3474"}],"version-history":[{"count":6,"href":"https:\/\/www.natascha-arnold.com\/index.php?rest_route=\/wp\/v2\/pages\/3474\/revisions"}],"predecessor-version":[{"id":8128,"href":"https:\/\/www.natascha-arnold.com\/index.php?rest_route=\/wp\/v2\/pages\/3474\/revisions\/8128"}],"wp:attachment":[{"href":"https:\/\/www.natascha-arnold.com\/index.php?rest_route=%2Fwp%2Fv2%2Fmedia&parent=3474"}],"curies":[{"name":"wp","href":"https:\/\/api.w.org\/{rel}","templated":true}]}}