{"id":3777,"date":"2010-03-08T03:30:29","date_gmt":"2010-03-08T02:30:29","guid":{"rendered":"http:\/\/www.natascha-arnold.com\/?page_id=3777"},"modified":"2025-08-19T15:21:17","modified_gmt":"2025-08-19T14:21:17","slug":"bilder","status":"publish","type":"page","link":"https:\/\/www.natascha-arnold.com\/?page_id=3777","title":{"rendered":"Fotoalbum"},"content":{"rendered":"<h6><\/h6>\n<h4 style=\"text-align: center;\">\u00a0<img decoding=\"async\" loading=\"lazy\" src=\"wp-content\/uploads\/gallery\/familie\/naddischwweissdiva.jpg\" alt=\"naddischwweissdiva\" width=\"518\" height=\"701\" \/><span id=\"1274327541676E\" style=\"display: none;\"><br \/>\n<\/span><\/h4>\n<h4><\/h4>\n<h4 style=\"text-align: center;\">&#8222;EINBLICKE IN MEIN LEBEN&#8220;<\/h4>\n<h6><\/h6>\n<p style=\"text-align: center;\">Pforzheim, meine Heimatstadt<\/p>\n<p style=\"text-align: center;\"><img decoding=\"async\" loading=\"lazy\" src=\"\/wp-content\/uploads\/gallery\/pforzheim\/pforzheim1.gif\" alt=\"pforzheim1\" width=\"66\" height=\"75\" \/><\/p>\n<p style=\"text-align: center;\">Geographisch gesehen liegt\u00a0Pforzheim an der A 8, zwischen Karlsruhe und Stuttgart, direkt am Zusammenfluss von W\u00fcrm, Nagold und Enz, wird deshalb auch als DREIT\u00c4LERSTADT bezeichnet, ist bekannt als GOLDSTADT und man nennt Pforzheim auch die &#8222;PFORTE ZUM SCHWARZWALD&#8220;.<\/p>\n<p style=\"text-align: center;\"><img decoding=\"async\" loading=\"lazy\" src=\"\/wp-content\/uploads\/gallery\/pforzheim\/panorama-pf.jpg\" alt=\"panorama pf\" width=\"520\" height=\"392\" \/><\/p>\n<p style=\"text-align: center;\">Panorama-Blick \u00fcber die STADTMITTE, dem herausragenden SPARKASSEN-TURM und im Hintergrund der 320 m hohe WALLBERG.<\/p>\n<h6><\/h6>\n<p style=\"text-align: center;\"><img decoding=\"async\" loading=\"lazy\" src=\"wp-content\/uploads\/gallery\/pforzheim\/concresscentrumpforzheim1.jpg\" alt=\"concresscentrumpforzheim1\" width=\"520\" height=\"397\" \/><\/p>\n<p style=\"text-align: center;\">Mit ca. 133.000 Einwohnern z\u00e4hlt sie als Gro\u00dfstadt und ist die sechstgr\u00f6\u00dfte Stadt BADEN-W\u00dcRTTEMBERGS.<\/p>\n<h4><\/h4>\n<p style=\"text-align: center;\"><img decoding=\"async\" loading=\"lazy\" src=\"wp-content\/uploads\/gallery\/pforzheim\/enz-1.jpg\" alt=\"enz 1\" width=\"520\" height=\"407\" \/><\/p>\n<p style=\"text-align: center;\">Zudem ist Pforzheim Endpunkt der BERTHA BENZ MEMORIAL ROUTE.<\/p>\n<h4 style=\"text-align: center;\"><\/h4>\n<p style=\"text-align: center;\"><img decoding=\"async\" loading=\"lazy\" src=\"wp-content\/uploads\/gallery\/pforzheim\/winterabendvomwartberg.jpg\" alt=\"winterabendvomwartberg\" width=\"520\" height=\"334\" \/><\/p>\n<h4 style=\"text-align: center;\"><\/h4>\n<p style=\"text-align: center;\">Von Pforzheim jetzt ein Sprung in meine zweite Heimat nach BA\u0160KA auf die Insel Krk in KROATIEN.<\/p>\n<p style=\"text-align: center;\">\u00a0<img decoding=\"async\" loading=\"lazy\" src=\"\/wp-content\/uploads\/gallery\/baska\/wappen-kroatien.png\" alt=\"wappen kroatien\" width=\"60\" height=\"75\" \/><\/p>\n<h4 style=\"text-align: center;\"><\/h4>\n<p style=\"text-align: center;\"><img decoding=\"async\" loading=\"lazy\" src=\"\/wp-content\/uploads\/gallery\/baska\/strand-baska.jpg\" alt=\"strand baska\" width=\"520\" height=\"354\" \/><\/p>\n<p style=\"text-align: center;\">Das ist &#8222;mein geliebter &#8222;Urlaubsstrand&#8220; an der sch\u00f6nen blauen ADRIA. Hier f\u00fchl ich mich wohl &#8230;<\/p>\n<h4 style=\"text-align: center;\"><\/h4>\n<p style=\"text-align: center;\"><img decoding=\"async\" loading=\"lazy\" src=\"\/wp-content\/uploads\/gallery\/baska\/1baska.jpg\" alt=\"1baska\" width=\"520\" height=\"390\" \/><\/p>\n<p style=\"text-align: center;\">&#8230; in meiner zweiten Heimat &#8222;Ba\u0161ka&#8220; ,der traumhafte Ort auf der &#8222;INSEL KRK&#8220;.<\/p>\n<p style=\"text-align: center;\"><img decoding=\"async\" loading=\"lazy\" src=\"wp-content\/uploads\/gallery\/baska\/omahaus.jpg\" alt=\"omahaus\" width=\"520\" height=\"450\" \/><\/p>\n<p style=\"text-align: center;\">Das grosselterliche Haus in Jurandvor, Vorort von Ba\u0161ka, das Heimatdorf meiner Mutter.<\/p>\n<p style=\"text-align: center;\"><img decoding=\"async\" loading=\"lazy\" src=\"wp-content\/uploads\/gallery\/familie\/mama.jpg\" alt=\"mama\" width=\"520\" height=\"485\" \/><\/p>\n<p style=\"text-align: center;\">Meine Mama, die in diesem sch\u00f6nen Land zuhause war und 2015 den Kampf gegen Krebs verloren hat. Ruhe in Frieden!<\/p>\n<p style=\"text-align: center;\"><img decoding=\"async\" loading=\"lazy\" src=\"wp-content\/uploads\/gallery\/familie\/nata.jpg\" alt=\"nata\" width=\"520\" height=\"479\" \/><\/p>\n<p style=\"text-align: center;\">&#8222;Der Apfel f\u00e4llt nicht weit vom Stamm&#8220; ( &#8222;E bissle von de Mudder un e bissle vom Vadder&#8220;).<\/p>\n<p style=\"text-align: center;\"><img decoding=\"async\" loading=\"lazy\" src=\"wp-content\/uploads\/gallery\/familie\/vadder.jpg\" alt=\"vadder\" width=\"520\" height=\"752\" \/><\/p>\n<p style=\"text-align: center;\">Papa war Entertainer, Gaudibursche und Volksmusikant &#8211; bekannt als Urviech, Spa\u00dfmacher und Efolgsgarant.<\/p>\n<p style=\"text-align: center;\"><img decoding=\"async\" loading=\"lazy\" src=\"wp-content\/uploads\/gallery\/familie\/nuv.jpg\" alt=\"nuv\" width=\"520\" height=\"573\" \/><\/p>\n<p style=\"text-align: center;\">&#8222;Wenn der Vater mit der Tochter&#8230;.&#8220;<br \/>\nKripobeamter im echten Leben &#8211; doch die Volksmusik war der wahre Segen. Sicher wird er auch jetzt im Himmel keine Ruhe geben.<\/p>\n<p style=\"text-align: center;\"><img decoding=\"async\" loading=\"lazy\" src=\"wp-content\/uploads\/gallery\/familie\/sn2018.jpg\" alt=\"sn2018\" width=\"520\" height=\"675\" \/><\/p>\n<p style=\"text-align: center;\">Mein Bruderherz liebt genauso die Musik &#8211; man versp\u00fcrt eben ganz grosses Gl\u00fcck.<br \/>\nGemeinsam sind wir am musizieren, um f\u00fcr grosse Stars zu komponieren.<\/p>\n<h4 style=\"text-align: center;\">&#8230; ein paar Schnappsch\u00fcsse aus meiner Kindheit &#8230;<\/h4>\n<h4><\/h4>\n<p style=\"text-align: center;\"><img decoding=\"async\" loading=\"lazy\" src=\"wp-content\/uploads\/gallery\/familie\/2-gebu_.jpg\" alt=\"2 gebu \" width=\"520\" height=\"433\" \/><\/p>\n<p style=\"text-align: center;\">\u00a0Hier blase ich die Kerzen aus und wachse \u00fcber mich hinaus.<br \/>\nDieses Bild, es spricht f\u00fcr sich, schau&#8216; ich es an, erkenn&#8216; ich mich.<\/p>\n<p style=\"text-align: center;\"><img decoding=\"async\" loading=\"lazy\" src=\"wp-content\/uploads\/gallery\/familie\/naddi-u-oma-klein.jpg\" alt=\"naddi u oma klein\" width=\"520\" height=\"506\" \/><\/p>\n<p style=\"text-align: center;\">Ich stehe mit der Puppe da und mit Oma Katica.<br \/>\nSie ist und war stets gut zu mir, die Frau von Opa Kazimir.<\/p>\n<p style=\"text-align: center;\"><img decoding=\"async\" loading=\"lazy\" src=\"wp-content\/uploads\/gallery\/familie\/christk-auf-pony.jpg\" alt=\"christk auf pony\" width=\"520\" height=\"465\" \/><\/p>\n<p style=\"text-align: center;\">Hier hab ich Christkindlein gespielt, beim Publikum Erfolg erzielt&#8230;<\/p>\n<p style=\"text-align: center;\"><img decoding=\"async\" loading=\"lazy\" src=\"wp-content\/uploads\/gallery\/familie\/zeitung-christkind.jpg\" alt=\"zeitung christkind\" width=\"520\" height=\"648\" \/><\/p>\n<p style=\"text-align: center;\">\u00a0&#8230; in der Presse war zu lesen, mein Auftritt sei sehr gut gewesen.<\/p>\n<p style=\"text-align: center;\"><img decoding=\"async\" loading=\"lazy\" src=\"wp-content\/uploads\/gallery\/familie\/1-schultag.jpg\" alt=\"1 schultag\" width=\"520\" height=\"692\" \/><\/p>\n<p style=\"text-align: center;\">\u00a0Mein erster Schultag wie man sieht. Bin ich als Sch\u00fclerin nicht lieb?<br \/>\nVorbei das sch\u00f6ne Leben als Kind &#8211; jetzt wird`s ernst, die Schule beginnt!<\/p>\n<p style=\"text-align: center;\"><img decoding=\"async\" loading=\"lazy\" src=\"wp-content\/uploads\/gallery\/familie\/jahnhallepz1-advent86.jpg\" alt=\"jahnhallepz1 advent86\" width=\"520\" height=\"603\" \/><\/p>\n<p style=\"text-align: center;\">Erstmals stand ich mit 12 am Mikrofon und erntete Beifall damals schon.<br \/>\nAls ich dann sp\u00e4ter 14 war, war ich von vielen Stars der Star.<\/p>\n<p style=\"text-align: center;\">\u00a0<img decoding=\"async\" loading=\"lazy\" src=\"wp-content\/uploads\/gallery\/familie\/esser1.jpg\" alt=\"esser1\" width=\"520\" height=\"373\" \/><\/p>\n<p style=\"text-align: center;\">\u00a0Die Folgezeit brachte mir Gl\u00fcck; oft sang ich bei der Blasmusik.<\/p>\n<p style=\"text-align: center;\"><img decoding=\"async\" loading=\"lazy\" src=\"wp-content\/uploads\/gallery\/familie\/naddiesser.jpg\" alt=\"naddiesser\" width=\"520\" height=\"652\" \/><\/p>\n<p style=\"text-align: center;\">\u00a0Die \u201eMosch-Musik\u201c, sie macht mir Freude und sie begeistert mich noch heute.<\/p>\n<p style=\"text-align: center;\"><img decoding=\"async\" loading=\"lazy\" src=\"wp-content\/uploads\/gallery\/familie\/ewbgut.jpg\" alt=\"ewbgut\" width=\"520\" height=\"437\" \/><\/p>\n<p style=\"text-align: center;\">Dann kam die \u201eEdelweiss-Buam-Zeit\u201c mit Jubel \u2013Trubel &#8212; Heiterkeit!<\/p>\n<p style=\"text-align: center;\"><img decoding=\"async\" loading=\"lazy\" src=\"wp-content\/uploads\/gallery\/familie\/ewblustigschwweiss.jpg\" alt=\"ewblustigschwweiss\" width=\"520\" height=\"382\" \/><\/p>\n<p style=\"text-align: center;\">\u00a0Die Stimmung war immer genial, da war einfach alles ideal!<\/p>\n<p style=\"text-align: center;\"><img decoding=\"async\" loading=\"lazy\" src=\"wp-content\/uploads\/gallery\/familie\/ewbkandel.jpg\" alt=\"ewbkandel\" width=\"520\" height=\"364\" \/><\/p>\n<p style=\"text-align: center;\">\u00a0Z\u00fcnftig und fesch beianand zogen wir durchs ganze Land.<\/p>\n<p style=\"text-align: center;\"><img decoding=\"async\" loading=\"lazy\" src=\"wp-content\/uploads\/gallery\/familie\/ewbspanischkandel.jpg\" alt=\"ewbspanischkandel\" width=\"520\" height=\"344\" \/><\/p>\n<p style=\"text-align: center;\">Wo wir spielten war es toll, jedes Festzelt proppevoll!<\/p>\n<p style=\"text-align: center;\"><img decoding=\"async\" loading=\"lazy\" src=\"wp-content\/uploads\/gallery\/familie\/ewbgelb.jpg\" alt=\"ewbgelb\" width=\"520\" height=\"348\" \/><\/p>\n<p style=\"text-align: center;\">Ich hier im gelben Dirndlgwand, beim Sportplatzfest in Langenbrand.<\/p>\n<p style=\"text-align: center;\"><img decoding=\"async\" loading=\"lazy\" src=\"wp-content\/uploads\/gallery\/familie\/nvomu1.jpg\" alt=\"nvomu1\" width=\"520\" height=\"672\" \/><\/p>\n<p style=\"text-align: center;\">Flotte Polkas erklangen weit und breit &#8211;<br \/>\nsie war die BESTE, die &#8222;Edelweiss-Buam-Zeit&#8220;!<\/p>\n<p style=\"text-align: center;\"><img decoding=\"async\" loading=\"lazy\" src=\"wp-content\/uploads\/gallery\/familie\/n3vomu.jpg\" alt=\"n3vomu\" width=\"520\" height=\"772\" \/><\/p>\n<p style=\"text-align: center;\">F\u00fcr &#8222;Krachlederne&#8220; schl\u00e4gt auch heute noch mein Herz<br \/>\nund bei &#8222;waschechter Volksmusik&#8220; fliegt es sogar himmelw\u00e4rts.<\/p>\n<p style=\"text-align: center;\"><img decoding=\"async\" loading=\"lazy\" src=\"wp-content\/uploads\/gallery\/familie\/ewbschwweiss.jpg\" alt=\"ewbschwweiss\" width=\"520\" height=\"360\" \/><\/p>\n<p style=\"text-align: center;\">\u00a0Unvergessen bleibt die Zeit, ist sie inzwischen auch fern und weit.<br \/>\nDas Leben geht weiter auf andere Weise,<br \/>\nauf meiner Homepage sind die Beweise.<\/p>\n<p style=\"text-align: center;\">\u00a0<img decoding=\"async\" loading=\"lazy\" src=\"wp-content\/uploads\/gallery\/neu\/andinaddi.jpg\" alt=\"andinaddi\" width=\"600\" height=\"421\" \/><\/p>\n<p style=\"text-align: center;\">Mein Herz schlug auch f\u00fcr Jazzmusik-<br \/>\nmit &#8222;Second Affair&#8220; damals stets schick &#8230;<\/p>\n<p style=\"text-align: center;\"><img decoding=\"async\" loading=\"lazy\" src=\"wp-content\/uploads\/gallery\/g-partner\/Andi-und-ich.jpg\" alt=\"Andi und ich\" width=\"520\" height=\"548\" \/><\/p>\n<p style=\"text-align: center;\">&#8230;\u00a0 groovig, zwischendurch unplugged &#8211;<br \/>\nes ging auch klasse ohne Takt!<\/p>\n<p style=\"text-align: center;\"><img decoding=\"async\" loading=\"lazy\" src=\"wp-content\/uploads\/gallery\/g-partner\/trt.jpg\" alt=\"trt\" width=\"520\" height=\"365\" \/><\/p>\n<p style=\"text-align: center;\">Beim &#8222;Tom Robin Trio&#8220; seit Jahren pr\u00e4sent &#8211;<br \/>\ngesanglich richtig geil, die Band.<\/p>\n<p style=\"text-align: center;\"><img decoding=\"async\" loading=\"lazy\" src=\"wp-content\/uploads\/gallery\/neu\/sun.jpg\" alt=\"sun\" width=\"520\" height=\"411\" \/><\/p>\n<p style=\"text-align: center;\">Die n\u00e4chste Station meiner musikalischen Laufbahn &#8211;<br \/>\ndie Geschwisterstimmen waren f\u00fcr alle der Wahn.<\/p>\n<p style=\"text-align: center;\"><img decoding=\"async\" loading=\"lazy\" src=\"wp-content\/uploads\/gallery\/neu\/neustes-saschaund-natascha.jpg\" alt=\"neustes saschaund natascha\" width=\"520\" height=\"756\" \/><\/p>\n<p style=\"text-align: center;\">Erfolgreich schon immer, wir zwei &#8211;<br \/>\nauch heute ist&#8217;s noch nicht vorbei.<\/p>\n<p style=\"text-align: center;\">\u00a0\u00a0<img decoding=\"async\" loading=\"lazy\" src=\"wp-content\/uploads\/gallery\/neu\/heino-und-ich-news.jpg\" alt=\"heino und ich news\" width=\"596\" height=\"341\" \/><\/p>\n<p style=\"text-align: center;\">Auch das Duo mit Heino Rentschler war mal aktuell&#8230;<\/p>\n<p style=\"text-align: center;\"><img decoding=\"async\" loading=\"lazy\" src=\"wp-content\/uploads\/gallery\/g-partner\/daddysgr18.jpg\" alt=\"daddysgr18\" width=\"520\" height=\"693\" \/><\/p>\n<p style=\"text-align: center;\">&#8230; und auch die &#8222;Daddys&#8220; zu viert generell &#8230;<\/p>\n<p style=\"text-align: center;\"><a title=\" \" href=\"https:\/\/www.natascha-arnold.com\/wp-content\/uploads\/gallery\/kompos\/dadd.jpg\" data-image-id=\"1485\" data-src=\"https:\/\/www.natascha-arnold.com\/wp-content\/uploads\/gallery\/kompos\/dadd.jpg\" data-thumbnail=\"https:\/\/www.natascha-arnold.com\/wp-content\/uploads\/gallery\/kompos\/thumbs\/thumbs_dadd.jpg\" data-title=\"dadd\" data-description=\" \"><img decoding=\"async\" class=\"ngg-singlepic ngg-none\" src=\"https:\/\/www.natascha-arnold.com\/wp-content\/uploads\/gallery\/kompos\/thumbs\/thumbs_dadd.jpg\" alt=\"dadd\" \/><\/a><\/p>\n<p style=\"text-align: center;\">&#8230; es bleibt nur die Erinnerung, Heino ging von uns viel zu jung!<\/p>\n<p style=\"text-align: center;\"><img decoding=\"async\" loading=\"lazy\" src=\"wp-content\/uploads\/gallery\/bands-auftritte\/colo.jpg\" alt=\"colo\" width=\"520\" height=\"321\" \/><\/p>\n<p style=\"text-align: center;\">Die &#8222;Colorados&#8220; sind aktuell auf meiner Reise &#8211;<br \/>\n\u00fcberzeugen auf sehr vielf\u00e4ltige Weise.<\/p>\n<p style=\"text-align: center;\"><a title=\" \" href=\"https:\/\/www.natascha-arnold.com\/wp-content\/uploads\/gallery\/kompos\/rolfkeyb.jpg\" data-image-id=\"1486\" data-src=\"https:\/\/www.natascha-arnold.com\/wp-content\/uploads\/gallery\/kompos\/rolfkeyb.jpg\" data-thumbnail=\"https:\/\/www.natascha-arnold.com\/wp-content\/uploads\/gallery\/kompos\/thumbs\/thumbs_rolfkeyb.jpg\" data-title=\"rolfkeyb\" data-description=\" \"><img decoding=\"async\" class=\"ngg-singlepic ngg-none\" src=\"https:\/\/www.natascha-arnold.com\/wp-content\/uploads\/gallery\/kompos\/thumbs\/thumbs_rolfkeyb.jpg\" alt=\"rolfkeyb\" \/><\/a><\/p>\n<p style=\"text-align: center;\">Auch im Duo ist das Programm nicht weniger relevant &#8211;<br \/>\nmit Rolf Henninger immer anders und interessant.<\/p>\n<p style=\"text-align: center;\"><img decoding=\"async\" loading=\"lazy\" src=\"wp-content\/uploads\/gallery\/neu\/n1.jpg\" alt=\"n1\" width=\"520\" height=\"481\" \/><\/p>\n<p style=\"text-align: center;\">Viel gab`s zu sehen, wer h\u00e4tte das gedacht? Ich hoffe, es hat Spass gemacht!<\/p>\n","protected":false},"excerpt":{"rendered":"<p>\u00a0 &#8222;EINBLICKE IN MEIN LEBEN&#8220; Pforzheim, meine Heimatstadt Geographisch gesehen liegt\u00a0Pforzheim an der A 8, zwischen Karlsruhe und Stuttgart, direkt am Zusammenfluss von W\u00fcrm, Nagold und Enz, wird deshalb auch als DREIT\u00c4LERSTADT bezeichnet, ist bekannt als GOLDSTADT und man nennt Pforzheim auch die &#8222;PFORTE ZUM SCHWARZWALD&#8220;. Panorama-Blick \u00fcber die STADTMITTE, dem herausragenden SPARKASSEN-TURM und im [&hellip;]<\/p>\n","protected":false},"author":1,"featured_media":0,"parent":0,"menu_order":0,"comment_status":"open","ping_status":"open","template":"","meta":[],"_links":{"self":[{"href":"https:\/\/www.natascha-arnold.com\/index.php?rest_route=\/wp\/v2\/pages\/3777"}],"collection":[{"href":"https:\/\/www.natascha-arnold.com\/index.php?rest_route=\/wp\/v2\/pages"}],"about":[{"href":"https:\/\/www.natascha-arnold.com\/index.php?rest_route=\/wp\/v2\/types\/page"}],"author":[{"embeddable":true,"href":"https:\/\/www.natascha-arnold.com\/index.php?rest_route=\/wp\/v2\/users\/1"}],"replies":[{"embeddable":true,"href":"https:\/\/www.natascha-arnold.com\/index.php?rest_route=%2Fwp%2Fv2%2Fcomments&post=3777"}],"version-history":[{"count":5,"href":"https:\/\/www.natascha-arnold.com\/index.php?rest_route=\/wp\/v2\/pages\/3777\/revisions"}],"predecessor-version":[{"id":8124,"href":"https:\/\/www.natascha-arnold.com\/index.php?rest_route=\/wp\/v2\/pages\/3777\/revisions\/8124"}],"wp:attachment":[{"href":"https:\/\/www.natascha-arnold.com\/index.php?rest_route=%2Fwp%2Fv2%2Fmedia&parent=3777"}],"curies":[{"name":"wp","href":"https:\/\/api.w.org\/{rel}","templated":true}]}}