{"id":3784,"date":"2010-03-08T04:27:59","date_gmt":"2010-03-08T03:27:59","guid":{"rendered":"http:\/\/www.natascha-arnold.com\/?page_id=3784"},"modified":"2025-12-09T00:33:12","modified_gmt":"2025-12-08T23:33:12","slug":"meine-geschaftspartner","status":"publish","type":"page","link":"https:\/\/www.natascha-arnold.com\/?page_id=3784","title":{"rendered":"Gesch\u00e4ftspartner"},"content":{"rendered":"<h4 style=\"text-align: center;\"><\/h4>\n<h4 style=\"text-align: center;\">Keine Firma und kein Gesch\u00e4ft kann ohne starke Partner existieren \u2013 hier kommen Sie direkt zu meinen wichtigsten.<\/h4>\n<h4 style=\"text-align: center;\"><\/h4>\n<h4 style=\"text-align: center;\"><img decoding=\"async\" loading=\"lazy\" src=\"wp-content\/uploads\/gallery\/g-partner\/meinunger.jpg\" alt=\"meinunger\" width=\"520\" height=\"351\" \/><\/h4>\n<p style=\"text-align: center;\">Mein hochverehrter Gesch\u00e4ftspartner <strong>Dr. Bernd Meinunger, <\/strong>Textdichter und Produzent mit 4600 ver\u00f6ffentlichten Titeln, die sich ca. 350 Millionen mal verkauften. Er wurde \u00fcber 400 mal mit Gold ausgezeichnet. Die v\u00f6llig unkomplizierte und jahrelange Zusammenarbeit mit ihm war mir eine grosse Ehre! M\u00f6ge er in Frieden ruhen.<\/p>\n<p style=\"text-align: center;\"><img decoding=\"async\" loading=\"lazy\" src=\"\/wp-content\/uploads\/gallery\/g-partner\/heiner.jpg\" alt=\"heiner\" width=\"520\" height=\"553\" \/><\/p>\n<p style=\"text-align: center;\">Mein gut befreundeter Gesch\u00e4ftspartner &#8211; Textdichter <strong>Heiner Graf<\/strong> bei der Arbeit, obwohl er sich hier im Urlaub befand. Andere L\u00e4nder, andere Sitten, andere Eindr\u00fccke und somit inspirierende Gedankeng\u00e4nge. Stift und Papier liegen jedenfalls immer bereit. Er dichtet und dichtet &#8211; seine Erfolge geben ihm mit seinen rund 1800 ver\u00f6ffentlichten Werken recht. Was ich an ihm sehr sch\u00e4tze ist seine freundliche Art und vorallem seine Bodenst\u00e4ndigkeit. Ein angenehmer Mensch, mit dem ich sehr gern zusammen arbeite.<\/p>\n<h4 style=\"text-align: center;\"><\/h4>\n<p style=\"text-align: center;\"><img decoding=\"async\" loading=\"lazy\" src=\"wp-content\/uploads\/gallery\/g-partner\/Uwe.jpg\" alt=\"Uwe\" width=\"520\" height=\"589\" \/><\/p>\n<p style=\"text-align: center;\">Mein Gesch\u00e4ftspartner <strong>Uwe Altenried<\/strong>, Tontechniker, Komponist, Arrangeur, Produzent, S\u00e4nger und Musiker aus Offenburg, der 13 Jahre Keyboarder und musikalischer Leiter der Klostertaler war. Vor Uwes musikalischem K\u00f6nnen habe ich gro\u00dfen Respekt! Es freut mich besonders, mit ihm zusammen arbeiten zu d\u00fcrfen. Er ist und bleibt mein &#8222;Meischter&#8220;.<\/p>\n<p style=\"text-align: center;\"><img decoding=\"async\" loading=\"lazy\" src=\"wp-content\/uploads\/gallery\/g-partner\/Simone.jpg\" alt=\"Simone\" width=\"520\" height=\"780\" \/><\/p>\n<p style=\"text-align: center;\">Meine Gesch\u00e4ftspartnerin <strong>Simone Altenried.<\/strong> Wir gingen durch gute und schlechte Zeiten. Das schweist zusammen. Sie schreibt Texte f\u00fcr Anna Maria Zimmermann, Vincent Gross, Paldauer, Edlseer, Sch\u00fcrzenj\u00e4ger, Norman Langen, Daniela Alfinito und viele mehr.<\/p>\n<h4 style=\"text-align: center;\"><\/h4>\n<p style=\"text-align: center;\"><img decoding=\"async\" loading=\"lazy\" src=\"wp-content\/uploads\/gallery\/g-partner\/Teriet.jpg\" alt=\"Teriet\" width=\"520\" height=\"693\" \/><\/p>\n<p style=\"text-align: center;\">Mein Gesch\u00e4ftspartner <strong>Mathias Teriet<\/strong> aus Bayern, der bereits mehrfach mit Gold und Platin ausgezeichnet wurde f\u00fcr seine Songtexte, die er f\u00fcr namhafte K\u00fcnstler wie Hansi Hinterseer, Claudia Jung, Ross Antony, Kastelruther Spatzen, Amigos, Semino Rossi oder Christian Lais um nur einige zu nennen massgeschneidert schreibt.<\/p>\n<p style=\"text-align: center;\"><img decoding=\"async\" loading=\"lazy\" src=\"wp-content\/uploads\/gallery\/g-partner\/erika.jpg\" alt=\"erika\" width=\"520\" height=\"647\" \/><\/p>\n<p style=\"text-align: center;\">Meine Gesch\u00e4ftspartnerin <strong>Erika Hagler<\/strong>, die schon mehrfach mit Gold ausgezeichnet wurde und mit ihren Texten bereits zwei mal in den USA in den Top 10 war. Sie liefert aussergew\u00f6hnliche hooks und hat immer witzige Ideen. Wir sind uns sehr \u00e4hnlich, vorallem verbindet uns ein gewisser Kampfgeist.<\/p>\n<h4 style=\"text-align: center;\"><\/h4>\n<p style=\"text-align: center;\"><img decoding=\"async\" loading=\"lazy\" src=\"wp-content\/uploads\/gallery\/kompos\/sasch.jpg\" alt=\"sasch\" width=\"520\" height=\"641\" \/><\/p>\n<p style=\"text-align: center;\">Mein Bruderherz <strong>Sascha Arnold<\/strong>, der mich blind versteht in jeder Hinsicht. Jede Kompositions-Session mit ihm in seinem Tonstudio in Winterlingen macht unheimlich Spass und bringt besondere Werke hervor. Ich bin unheimlich stolz auf ihn und beneide ihn um seine Fingerfertigkeit auf den Tasten. Nichts desto trotz erg\u00e4nzen wir uns hervorragend, wie es nur unter Geschwistern sein kann! Auch die Auftritte mit ihm bereiten immer eine riesen Freude, allein schon weil unsere Stimmen harmonieren und somit unseren 2-stimmigen Gesang auszeichnen.<\/p>\n<p style=\"text-align: center;\"><img decoding=\"async\" loading=\"lazy\" src=\"wp-content\/uploads\/gallery\/g-partner\/tommy1.jpg\" alt=\"tommy1\" width=\"520\" height=\"741\" \/><\/p>\n<p style=\"text-align: center;\">Mein Gesch\u00e4ftspartner <strong>Tommy Mustac<\/strong>, geb\u00fcrtiger Kroate, sesshaft in der Schweiz, Produzent, Arrangeur und Komponist f\u00fcr zahlreiche K\u00fcnstler. Sein Talent f\u00fcr ma\u00dfgeschneiderte Songs ist beachtlich. Er schreibt und produziert Songs f\u00fcr etliche Stars. Mit einer von ihm entdeckten K\u00fcnstlerin gelang ihm mit seiner Eigenkomposition &#8222;Das Feuer der Sehnsucht&#8220; 1998 der Sieg beim Grand Prix der Volksmusik. Ich sch\u00e4tze seine professionelle Arbeit sehr und bin mehr als stolz, ihn an meiner Seite zu haben!<\/p>\n<p style=\"text-align: center;\"><img decoding=\"async\" loading=\"lazy\" src=\"wp-content\/uploads\/gallery\/g-partner\/sabinahp.jpg\" alt=\"sabinahp\" width=\"520\" height=\"535\" \/><\/p>\n<p style=\"text-align: center;\">Meine liebenswerte Gesch\u00e4ftspartnerin <strong>Sabina Reithofer<\/strong>, Songtexterin mit Leib und Seele, sesshaft in Nieder\u00f6sterreich. Sie lernte bereits im zarten Alter von vier Jahren das Lesen und schrieb mit sechs schon ihre erste Kurzgeschichte. Das Talent zum Schreiben wurde also schon fr\u00fch ausgepr\u00e4gt und somit war es naheliegend, dass sie mittlerweile etliche K\u00fcnstler und Stars betextet. Mit grosser Freude vertone ich ihre aussergew\u00f6hnlich gef\u00fchlvollen, aber klar verst\u00e4ndlichen und authentischen Geschichten aus dem Leben. Mittlerweile ist sie mir als Mensch sehr ans Herz gewachsen und es bereitet mir grosse Freude, mit ihr zusammenarbeiten zu d\u00fcrfen.<\/p>\n<p style=\"text-align: center;\"><img decoding=\"async\" loading=\"lazy\" src=\"\/wp-content\/uploads\/gallery\/g-partner\/torsten_0.jpg\" alt=\"torsten 0\" width=\"520\" height=\"557\" \/><\/p>\n<p style=\"text-align: center;\">Mein langj\u00e4hriger gut befreundeter Gesch\u00e4ftspartner <strong>Torsten Bader &#8211; BADERSTUDIOS<\/strong> in Weil der Stadt bei Stuttgart- Torsten ist ein begnadeter Keyboarder, Komponist, Arrangeur, Tontechniker, Produzent und Musiker. In den 20 Jahren Zusammenarbeit entstand in so mancher Nachtsession der eine oder andere Song. Torsten spannte mich des\u00f6fteren als Gesangscoach f\u00fcr so manchen K\u00fcnstler ein, um wirklich das beste Ergebnis beim Recording zu erzielen. Wir pflegen unsere Freundschaft sehr und wissen uns gegenseitig zu sch\u00e4tzen, was die erfolgreiche Zusammenarbeit im Lauf der Jahre immer mehr vertiefte.<\/p>\n<h4 style=\"text-align: center;\"><\/h4>\n<p style=\"text-align: center;\"><img decoding=\"async\" loading=\"lazy\" src=\"wp-content\/uploads\/gallery\/g-partner\/renatoneu.jpg\" alt=\"renatoneu\" width=\"520\" height=\"697\" \/><\/p>\n<p style=\"text-align: center;\">Mein Gesch\u00e4ftspartner <strong>Renato Wohllaib<\/strong> in H\u00f6chst (Vorarlberg, \u00d6sterreich) zuhause. Neben dem Komponieren ist Renato seit 1982 aktives Mitglied der PALDAUER. Dort stellt er sein K\u00f6nnen als gelernter Keyboarder und Pianist unter Beweis. Vorallem aber ist er als Leads\u00e4nger mit seiner wundervollen Stimme nicht mehr wegzudenken. Ein bodenst\u00e4ndiger Mensch, der als Realist keinen Platz f\u00fcr Tr\u00e4ume hat.<\/p>\n<h4 style=\"text-align: center;\"><\/h4>\n<p style=\"text-align: center;\"><img decoding=\"async\" loading=\"lazy\" src=\"wp-content\/uploads\/gallery\/g-partner\/schulze.jpg\" alt=\"schulze\" width=\"520\" height=\"520\" \/><\/p>\n<p style=\"text-align: center;\">Mein Gesch\u00e4ftspartner <strong>Andreas Schulze<\/strong>, Songtexter aus Trier. Schon als Jugendlicher hatte er immer Stift und Papier parat, um Ideen sofort festzuhalten.Das ist bis heute so geblieben, selbst wenn es mitten in der Nacht ist.<\/p>\n<h4 style=\"text-align: center;\"><\/h4>\n<p style=\"text-align: center;\"><img decoding=\"async\" loading=\"lazy\" src=\"wp-content\/uploads\/gallery\/g-partner\/stefan12.jpg\" alt=\"stefan12\" width=\"513\" height=\"593\" \/><\/p>\n<p style=\"text-align: center;\">Mein jahrelanger Gesch\u00e4ftspartner <strong>Stefan Erler<\/strong> von <strong>MELODY INTERSOUND<\/strong> in Weerberg im Tiroler- Land, Tontechniker, Arrangeur, Komponist, Textdichter, Musiker und S\u00e4nger. Stefan ist ein fairer Gesch\u00e4ftspartner und immer hilfsbereit. &#8222;Jo mei, so sans, die Tiroler Burschn&#8220;!<\/p>\n<h4 style=\"text-align: center;\"><\/h4>\n<p style=\"text-align: center;\"><img decoding=\"async\" loading=\"lazy\" src=\"wp-content\/uploads\/gallery\/g-partner\/poess.jpg\" alt=\"poess\" width=\"520\" height=\"492\" \/><\/p>\n<p style=\"text-align: center;\">Mein Gesch\u00e4ftspartner <strong>Stefan P\u00f6ssnicker\u00a0<\/strong> &#8211; MANIA MUSIC in Langenaltheim\/Bayern, quasi rund um die Uhr bei der Arbeit. Stefan ist mit Leib und Seele Tontechniker, Komponist, Solos\u00e4nger, Entertainer, Produzent und Musiker.\u00a0 Er ist ein absolutes Ausnahmetalent mit 1000 F\u00e4higkeiten und\u00a0 wurde z.B. mit 5fach Gold, 3fach Platin und Gold f\u00fcr eine Produktion der erfolgreichsten Schlagers\u00e4ngerin ausgezeichnet\u00a0 Respekt!<\/p>\n<h4 style=\"text-align: center;\"><\/h4>\n<p style=\"text-align: center;\"><img decoding=\"async\" loading=\"lazy\" src=\"\/wp-content\/uploads\/gallery\/g-partner\/steffen.jpg\" alt=\"steffen\" width=\"520\" height=\"346\" \/><\/p>\n<p style=\"text-align: center;\">Mein befreundeter und langj\u00e4hriger Gesch\u00e4ftspartner <strong>Steffen M\u00fcller<\/strong> bei der Arbeit &#8211; <strong>STUDIO M<\/strong> in Malsch\/Baden, Tontechniker, Arrangeur, Komponist, Texter, Produzent und Musiker. Er ist seit \u00fcber 30 Jahren erfolgreich in den verschiedensten Genres als Musikproduzent t\u00e4tig und wurde mehrfach mit Gold und Platin ausgezeichnet.<\/p>\n<h4 style=\"text-align: center;\"><\/h4>\n<h4 style=\"text-align: center;\"><img decoding=\"async\" loading=\"lazy\" src=\"wp-content\/uploads\/gallery\/g-partner\/herbert.jpg\" alt=\"herbert\" width=\"520\" height=\"502\" \/><\/h4>\n<p style=\"text-align: center;\">Mein neuer Gesch\u00e4ftspartner <strong>Herbert Moser<\/strong> aus Landegg Nieder\u00f6sterreich. Er studierte nicht nur Jazz-Schlagzeug, sondern war auch auf diversen Musikschulen t\u00e4tig. Als Komponist und Autor trug er zu einem grossen echonominierten Erfolg im Schlager bei. 4x Gold und eine Platinauszeichnung darf er sein Eigen nennen. Ausserdem ist er als Studios\u00e4nger auf etlichen Produktionen in den Backings zu h\u00f6ren. Irgendwie brachte uns das Schicksal zusammen und daf\u00fcr sind wir beide sehr dankbar.<\/p>\n<p style=\"text-align: center;\"><img decoding=\"async\" loading=\"lazy\" src=\"wp-content\/uploads\/gallery\/g-partner\/robert.jpg\" alt=\"robert\" width=\"520\" height=\"327\" \/><\/p>\n<p style=\"text-align: center;\">Mein Gesch\u00e4ftspartner <strong>Robert Meister<\/strong>, seit 30 Jahren Inhaber vom <strong>Tonart Tonstudio <\/strong>mit Sitz in Bremen.. Er fungiert als Produzent, Tontechniker und Songwriter f\u00fcr diverse K\u00fcnslter und Stars und wurde bereits 17x mit Gold und Platin ausgezeichnet. Die Zusammenarbeit l\u00e4uft unkompliziert und reibungslos.<\/p>\n<h4 style=\"text-align: center;\"><img decoding=\"async\" loading=\"lazy\" src=\"wp-content\/uploads\/gallery\/g-partner\/hannes-marold.jpg\" alt=\"hannes marold\" width=\"520\" height=\"350\" \/><\/h4>\n<p style=\"text-align: center;\">Mein unkomplizierter Gesch\u00e4ftspartner <strong>Hannes Marold<\/strong> &#8211; Komponist und Musiker aus Leidenschaft! Er sieht es als Privileg, sein Hobby zum Beruf gemacht zu haben. Nicht nur das ist eine Gemeinsamkeit, sondern auch dass wir uns t\u00e4glich rund um die Uhr mit Musik befassen. Die &#8222;Kompositions-Schatztruhe&#8220; f\u00fcllt sich somit unerm\u00fcdlich.<\/p>\n<h4 style=\"text-align: center;\"><\/h4>\n<p style=\"text-align: center;\"><img decoding=\"async\" loading=\"lazy\" src=\"wp-content\/uploads\/2020\/07\/hh2.jpg\" alt=\"hirni1\" width=\"520\" height=\"390\" \/><\/p>\n<p style=\"text-align: center;\">Mein Gesch\u00e4ftspartner &#8211; Komponist <strong>Helmut Hirner<\/strong> bei der Arbeit. Auch mit ihm entstehen immer wieder besondere Werke. Die Zusammenarbeit mit ihm sch\u00e4tze ich sehr und bin erfreut, ihn zu meinen Gesch\u00e4ftspartnern z\u00e4hlen zu d\u00fcrfen.<\/p>\n","protected":false},"excerpt":{"rendered":"<p>Keine Firma und kein Gesch\u00e4ft kann ohne starke Partner existieren \u2013 hier kommen Sie direkt zu meinen wichtigsten. Mein hochverehrter Gesch\u00e4ftspartner Dr. Bernd Meinunger, Textdichter und Produzent mit 4600 ver\u00f6ffentlichten Titeln, die sich ca. 350 Millionen mal verkauften. Er wurde \u00fcber 400 mal mit Gold ausgezeichnet. Die v\u00f6llig unkomplizierte und jahrelange Zusammenarbeit mit ihm war [&hellip;]<\/p>\n","protected":false},"author":1,"featured_media":0,"parent":0,"menu_order":0,"comment_status":"open","ping_status":"open","template":"","meta":[],"_links":{"self":[{"href":"https:\/\/www.natascha-arnold.com\/index.php?rest_route=\/wp\/v2\/pages\/3784"}],"collection":[{"href":"https:\/\/www.natascha-arnold.com\/index.php?rest_route=\/wp\/v2\/pages"}],"about":[{"href":"https:\/\/www.natascha-arnold.com\/index.php?rest_route=\/wp\/v2\/types\/page"}],"author":[{"embeddable":true,"href":"https:\/\/www.natascha-arnold.com\/index.php?rest_route=\/wp\/v2\/users\/1"}],"replies":[{"embeddable":true,"href":"https:\/\/www.natascha-arnold.com\/index.php?rest_route=%2Fwp%2Fv2%2Fcomments&post=3784"}],"version-history":[{"count":5,"href":"https:\/\/www.natascha-arnold.com\/index.php?rest_route=\/wp\/v2\/pages\/3784\/revisions"}],"predecessor-version":[{"id":8146,"href":"https:\/\/www.natascha-arnold.com\/index.php?rest_route=\/wp\/v2\/pages\/3784\/revisions\/8146"}],"wp:attachment":[{"href":"https:\/\/www.natascha-arnold.com\/index.php?rest_route=%2Fwp%2Fv2%2Fmedia&parent=3784"}],"curies":[{"name":"wp","href":"https:\/\/api.w.org\/{rel}","templated":true}]}}