{"id":3787,"date":"2010-03-08T06:18:41","date_gmt":"2010-03-08T05:18:41","guid":{"rendered":"http:\/\/www.natascha-arnold.com\/?page_id=3787"},"modified":"2025-08-20T19:10:49","modified_gmt":"2025-08-20T18:10:49","slug":"auftrittsfotos","status":"publish","type":"page","link":"https:\/\/www.natascha-arnold.com\/?page_id=3787","title":{"rendered":"Ver\u00f6ffentlichungen"},"content":{"rendered":"<p><strong>Kompositionen \/ Teilkompositionen und Texte \/ Textteile von mir sind erschienen auf Tontr\u00e4gern von:\u00a0<\/strong><\/p>\n<p>Alex Baumgartner (A)<br \/>\nAlex Reichinger (A)<br \/>\nAlexander Ferro<br \/>\nAlexandra Schmied (A)<br \/>\nAlpenland Sepp &amp; Co (CH)<br \/>\nAlpenwind (CH)<br \/>\n<strong>Anna Maria Zimmermann<\/strong><\/p>\n<!--[if lt IE 9]><script>document.createElement('audio');<\/script><![endif]-->\n<audio class=\"wp-audio-shortcode\" id=\"audio-3787-1\" preload=\"none\" style=\"width: 100%;\" controls=\"controls\"><source type=\"audio\/mpeg\" src=\"http:\/\/www.natascha-arnold.com\/wp-content\/uploads\/2021\/03\/Verheddert.mp3?_=1\" \/><a href=\"http:\/\/www.natascha-arnold.com\/wp-content\/uploads\/2021\/03\/Verheddert.mp3\">http:\/\/www.natascha-arnold.com\/wp-content\/uploads\/2021\/03\/Verheddert.mp3<\/a><\/audio>\n<p>&nbsp;<\/p>\n<p>Amelie Ricca<br \/>\n<strong>Amigos<\/strong><br \/>\nAndreas Hastreiter (A)<br \/>\nAnita und Alexandra Hofmann<br \/>\nAtlantis (A)<br \/>\nBandhouse (A)<br \/>\nBellissa<br \/>\nBelsy &amp; Florian (Fesl)<br \/>\nBen Berg (CH)<br \/>\nBrugger Buam (A)<br \/>\n<strong>Calimeros (CH)<\/strong><br \/>\nChristian Franke<br \/>\nChristin Stark<br \/>\nCeline &amp; Ray<br \/>\n<strong>Daniela Alfinito<\/strong><\/p>\n<audio class=\"wp-audio-shortcode\" id=\"audio-3787-2\" preload=\"none\" style=\"width: 100%;\" controls=\"controls\"><source type=\"audio\/mpeg\" src=\"http:\/\/www.natascha-arnold.com\/wp-content\/uploads\/2020\/01\/Der-Himmel-w\u00fcrde-uns-verzeihen-1.mp3?_=2\" \/><a href=\"http:\/\/www.natascha-arnold.com\/wp-content\/uploads\/2020\/01\/Der-Himmel-w\u00fcrde-uns-verzeihen-1.mp3\">http:\/\/www.natascha-arnold.com\/wp-content\/uploads\/2020\/01\/Der-Himmel-w\u00fcrde-uns-verzeihen-1.mp3<\/a><\/audio>\n<p>&nbsp;<\/p>\n<p style=\"text-align: left;\">Daniella Rossini<br \/>\nDer Rosenhammer (A)<br \/>\nDiana Reichmuth (CH)<br \/>\nDie bayrische 7<br \/>\nDie b\u00e4rigen Tiroler (A)<br \/>\n<strong>Die Edlseer (A)<\/strong><br \/>\nDie Elchos (A)<br \/>\nDie Fetzig&#8217;n aus dem Zillertal (A)<br \/>\nDie Granaten(A)<br \/>\n<strong>Die Grubertaler (A)<\/strong><br \/>\nDie Hosenstricker (A)<br \/>\nDie jungen Thierseer (A)<br \/>\nDie jungen Zellberger (A)<br \/>\n<strong>Die jungen Zillertaler (A)<\/strong><br \/>\nDie original Zillertaler (A)<br \/>\nDie Romanticas<br \/>\nDJ Satzy &#8211; Man of the Alps (A)<br \/>\nDie Schmalzler<br \/>\nDie Tops<br \/>\nDie Wolperdinger<br \/>\nDieter Dornig<br \/>\nElvira Fischer<br \/>\nErnst Holzmann<br \/>\nEva Hanser (A)<br \/>\nEva Maria Marold (A)<br \/>\nFatma Kar<br \/>\n<strong>Fernando Express<\/strong><\/p>\n<audio class=\"wp-audio-shortcode\" id=\"audio-3787-3\" preload=\"none\" style=\"width: 100%;\" controls=\"controls\"><source type=\"audio\/mpeg\" src=\"http:\/\/www.natascha-arnold.com\/wp-content\/uploads\/2021\/03\/Wenn-der-Wind-von-Sueden-weht.mp3?_=3\" \/><a href=\"http:\/\/www.natascha-arnold.com\/wp-content\/uploads\/2021\/03\/Wenn-der-Wind-von-Sueden-weht.mp3\">http:\/\/www.natascha-arnold.com\/wp-content\/uploads\/2021\/03\/Wenn-der-Wind-von-Sueden-weht.mp3<\/a><\/audio>\n<p>&nbsp;<\/p>\n<p style=\"text-align: left;\">Frankenexpress<br \/>\nFreddy Pfister Band (A)<br \/>\nFredy Pausch<br \/>\nGabriella Massa (NL)<br \/>\nGaudi-Sepp<br \/>\n<strong>G\u00e9raldine Olivier (CH)<\/strong><br \/>\nGeri der Klostertaler (A)<br \/>\nGeschwister David<br \/>\nGina (A)<br \/>\nGulia Engels<br \/>\nHautnah (A)<br \/>\nHeike Renner<br \/>\nHertel &amp; Hofmann<br \/>\nHolger Kr\u00fcger<br \/>\nIngrid Anderson<br \/>\n<strong>Ireen Sheer<\/strong><\/p>\n<audio class=\"wp-audio-shortcode\" id=\"audio-3787-4\" preload=\"none\" style=\"width: 100%;\" controls=\"controls\"><source type=\"audio\/mpeg\" src=\"http:\/\/www.natascha-arnold.com\/wp-content\/uploads\/2021\/03\/Ich-muss-mir-nichts-mehr-beweisen.mp3?_=4\" \/><a href=\"http:\/\/www.natascha-arnold.com\/wp-content\/uploads\/2021\/03\/Ich-muss-mir-nichts-mehr-beweisen.mp3\">http:\/\/www.natascha-arnold.com\/wp-content\/uploads\/2021\/03\/Ich-muss-mir-nichts-mehr-beweisen.mp3<\/a><\/audio>\n<p>&nbsp;<\/p>\n<p style=\"text-align: left;\">Johannes Niggl (A)<br \/>\nJulia Bender<br \/>\nKoi&#8217;S (FR)<br \/>\nKay Scheffel<br \/>\nKaiserw\u00e4lder Musketiere (A)<br \/>\nKasermand Duo (A)<br \/>\nKatharina Herz<br \/>\nKr\u00fcmmler Buam<br \/>\nLiane<br \/>\nLigist 3 (A)<br \/>\nLimenka Lia<br \/>\nLinda F\u00e4h (CH)<br \/>\nLuca Engles<br \/>\nLumpenmander (A)<br \/>\nM\u00e4nnerherz<br \/>\nMandy Mettbach<br \/>\nManuel Steiger<br \/>\nMarcel Benker<br \/>\nMarcella-Carin<br \/>\n<strong>Marc Pircher (A)<\/strong><br \/>\nMarco Spiegl (A)<br \/>\nMarco Ventre (A)<\/p>\n<audio class=\"wp-audio-shortcode\" id=\"audio-3787-5\" preload=\"none\" style=\"width: 100%;\" controls=\"controls\"><source type=\"audio\/mpeg\" src=\"http:\/\/www.natascha-arnold.com\/wp-content\/uploads\/2021\/03\/Leuchtender.mp3?_=5\" \/><a href=\"http:\/\/www.natascha-arnold.com\/wp-content\/uploads\/2021\/03\/Leuchtender.mp3\">http:\/\/www.natascha-arnold.com\/wp-content\/uploads\/2021\/03\/Leuchtender.mp3<\/a><\/audio>\n<p>&nbsp;<\/p>\n<p style=\"text-align: left;\">Maria da Vinci (CH)<br \/>\nMarianne Cathomen (CH)<br \/>\nMarianne &amp; Michael (A)<br \/>\nMariella Gruber (A)<br \/>\nMarijan Berger (BEL)<br \/>\nMarleen (CH)<br \/>\n<strong>Marlena Martinelli (A)<\/strong><br \/>\nMarty Kessler<br \/>\nMela Rose<br \/>\nMelanie Payer (A)<br \/>\n<strong>Mike Bauhaus<\/strong><\/p>\n<audio class=\"wp-audio-shortcode\" id=\"audio-3787-6\" preload=\"none\" style=\"width: 100%;\" controls=\"controls\"><source type=\"audio\/mpeg\" src=\"http:\/\/www.natascha-arnold.com\/wp-content\/uploads\/2021\/03\/Rien.mp3?_=6\" \/><a href=\"http:\/\/www.natascha-arnold.com\/wp-content\/uploads\/2021\/03\/Rien.mp3\">http:\/\/www.natascha-arnold.com\/wp-content\/uploads\/2021\/03\/Rien.mp3<\/a><\/audio>\n<p>&nbsp;<\/p>\n<p style=\"text-align: left;\">Monika Klaassen<br \/>\n<strong>Monika Martin (A)<\/strong><br \/>\nMonique (CH)<br \/>\nNadine (CH)<br \/>\nNadine Prinz<br \/>\nNadine Sieben<br \/>\nNelly Sander (NLD)<br \/>\nNico Sanders (CH)<br \/>\nNicol Stuffer (I)<br \/>\nOberdorfexpress<br \/>\n<strong>Olaf Malolepski<\/strong><br \/>\nOliver Haidt (A)<br \/>\nOlman Rausch (I)<br \/>\nOriginal M\u00fchlbachtaler (A)<br \/>\nPascal Silva<br \/>\n<strong>Petra Frey (A)<\/strong><\/p>\n<audio class=\"wp-audio-shortcode\" id=\"audio-3787-7\" preload=\"none\" style=\"width: 100%;\" controls=\"controls\"><source type=\"audio\/mpeg\" src=\"http:\/\/www.natascha-arnold.com\/wp-content\/uploads\/2021\/03\/Fuer-immer.mp3?_=7\" \/><a href=\"http:\/\/www.natascha-arnold.com\/wp-content\/uploads\/2021\/03\/Fuer-immer.mp3\">http:\/\/www.natascha-arnold.com\/wp-content\/uploads\/2021\/03\/Fuer-immer.mp3<\/a><\/audio>\n<p>&nbsp;<\/p>\n<p style=\"text-align: left;\">Pia Malo<br \/>\nPia Vanelly (A)<br \/>\nRamona Martiness<br \/>\nR H David<br \/>\nReiner Kirsten<br \/>\nRH David<br \/>\nRita &amp; Andreas (A)<br \/>\nRomy Dadlhuber<br \/>\nRonny Gander<br \/>\n<strong>Rosanna Rocci<\/strong><br \/>\nRudi Bartolini (A)<br \/>\nSabrina May (A)<br \/>\nSalzachtaler Mander (A)<br \/>\nSandy &amp; Rol (LUX)<br \/>\nSandy Rose<br \/>\nSascha Walterscheid<br \/>\nS\u00e4ntisfeger (CH)<br \/>\nSchlagerbarone (A)<br \/>\nSchlagerfeuer<br \/>\n<strong>Schlagerpiloten<\/strong><\/p>\n<audio class=\"wp-audio-shortcode\" id=\"audio-3787-8\" preload=\"none\" style=\"width: 100%;\" controls=\"controls\"><source type=\"audio\/mpeg\" src=\"http:\/\/www.natascha-arnold.com\/wp-content\/uploads\/2021\/03\/sonne-mond-und-Sterne_Rough-Mix.mp3?_=8\" \/><a href=\"http:\/\/www.natascha-arnold.com\/wp-content\/uploads\/2021\/03\/sonne-mond-und-Sterne_Rough-Mix.mp3\">http:\/\/www.natascha-arnold.com\/wp-content\/uploads\/2021\/03\/sonne-mond-und-Sterne_Rough-Mix.mp3<\/a><\/audio>\n<p>&nbsp;<\/p>\n<p style=\"text-align: left;\">Sellraintaler &#8211; Exklusiv (A)<br \/>\nSigrid &amp; Marina (A)<br \/>\nSilke Vogt<br \/>\nSilvio Samoni<br \/>\n<strong>Sonia Liebing<\/strong><br \/>\nSonnwend (A)<br \/>\n<strong>Stefanie Hertel<\/strong><br \/>\nStefano (I)<br \/>\nSteffen J\u00fcrgens<br \/>\nSteiraseitn (A)<br \/>\nStina Gabriell (A)<br \/>\nSunrise<br \/>\nSwengelbert (A)<br \/>\nSven Polenz<br \/>\nSylvia Darko<br \/>\nTobias Stein<br \/>\nTrio Melody (A)<br \/>\nVanessa Neigert<br \/>\nVerena &amp; Nadine<br \/>\n<strong>Vinvent &amp; Fernando (I)<\/strong><br \/>\nVollgas Tirol (A)<br \/>\nWildkogel Buam (A)<br \/>\nZi-Ga Manda (A)<br \/>\n<strong>Zillertaler Haderlumpen (A)<\/strong><br \/>\nZillertal Power (A)<br \/>\nZweisam together<\/p>\n<h4 style=\"text-align: left;\">Sampler:<\/h4>\n<p style=\"text-align: left;\">100 Volksmusik-Hits: das Beste (2016)<br \/>\nAmigos Best of (2023)<br \/>\nAmigos &amp; Daniela Das Beste f\u00fcr unsere Freunde (2022)<br \/>\nAnna-Maria Zimmermann Best of (2022)<br \/>\nApres Ski 2018 Die Hits der Saison<br \/>\nApres Ski 2019 Die Hits der Saison<br \/>\nBernhard Brink pr\u00e4sentiert: Die Schlagerhitparade 2021<br \/>\nBallermann Fr\u00fchlingscharts 2018<br \/>\nBallermann Opening Megamix 2018<br \/>\nBallermann Schlagerhits 2020<br \/>\nBallermann Schlager Hitmix 2018<br \/>\nBallermann Schlagerhits 2020<br \/>\nBallermann Schlagerhitmix 2021<br \/>\nB\u00e4\u00e4\u00e4\u00e4\u00e4renstark 2016 &#8211; Die erste<br \/>\nDas beste aus dem Volxstadl Folge 1<br \/>\nDas beste vom Gipfelstammtisch Folge 1<br \/>\nDas beste vom Gipfelstammtisch Folge 2<br \/>\nDas beste aus den deutschen Schlagercharts 2018 Top 20<br \/>\nDas beste aus den deutschen Schlagercharts 2020 Top 20<br \/>\nDas beste aus den deutschen Schlagercharts 2021 Top 20<br \/>\nDie besten Schweizer Hits aller Zeiten (2022)<br \/>\nDas grosse Musikantentreffen Folge 35<br \/>\nDas grosse Musikantentreffen Folge 36<br \/>\nDas grosse Musikantentreffen Folge 38<br \/>\nDas grosse Musikantentreffen Folge 39<br \/>\nDas grosse Musikantentreffen Folge 41<br \/>\nDas grosse Schlager Hit-Festival<br \/>\nDas Sommerfest der Schlagerstars 2020<br \/>\nDat is K\u00f6lle<br \/>\nDer deutsche Hitmix 2018<br \/>\nDeutscher Discofox 2020<br \/>\nDeutscher Schlagerhitmix 2022<br \/>\nDie gr\u00f6\u00dften Schlagerhits des Jahres 2021<br \/>\nDie mega Hits 2022<br \/>\nDie offiziellen deutschen Partyschlager Vol.3<br \/>\nDie offiziellen deutschen Partyschlager Vol.9<br \/>\nDie offiziellen deutschen Partyschlager Vol.13<br \/>\nDie offiziellen deutschen Partyschlager Vol.15<br \/>\nDie Schlagerhitparade 2022<br \/>\nDie Schlagerhits des Jahres 2021<br \/>\nDie Schlagerhits des Jahres 2022<br \/>\nDie Spitzenreiter des Schlagers (2021)<br \/>\nDie ultimative deutsche Hitparade Bild (2021)<br \/>\nDie volkst\u00fcmliche Alpengaudi Folge 1<br \/>\nDie volkst\u00fcmliche Hitparade 3\/2015<br \/>\nDie volkst\u00fcmliche Hitparade Fr\u00fchling 2016<br \/>\nDie volkst\u00fcmliche Hitparade Fr\u00fchling 2018<br \/>\nDie volkst\u00fcmliche Hitparade Herbst 2019<br \/>\nDie volkst\u00fcmliche Hitparade Herbst 2021<br \/>\nDie volkst\u00fcmliche Hitparade Sommer 2019<br \/>\nDie volkst\u00fcmliche Hitparade Sommer 2022<br \/>\nDie volkst\u00fcmliche Hitparade Winter 2017<br \/>\nDie volkst\u00fcmliche Hitparade Winter 2019<br \/>\nDie volkst\u00fcmliche Hitparade Winter 2020<br \/>\nDiscofox Charts 2018<br \/>\nDiscofoxhits 2020<br \/>\nDiscofoxhits 2021<br \/>\nDiscofoxhits Vol.4 Megamix (2022)<br \/>\nDiscofox Partyhits Vol.3<br \/>\nDiscofox Partyhitmix 2019.2<br \/>\nDiscofox Sommer 2020<br \/>\nDiscofox Top 200 Vol.3<br \/>\nDiscofox Top Schlager 2020<br \/>\nDJ Hitparade Vol.8<br \/>\nFernando Express Danke f\u00fcr alles<br \/>\nFernando Express das Beste zum 50. Jubil\u00e4um<br \/>\nFox Tanz Party<br \/>\nImmer wieder Sonntags 2022<br \/>\nKarneval Megamix 2019<br \/>\nLufthansa in flight Entertainment\/Schlager Vol.1 2020<br \/>\nMallorca Megacharts 2020<br \/>\nMallorca Megahits 2020<br \/>\nParty Fieber Folge 2<br \/>\nParty Fieber Folge 3<br \/>\nPopschlager18<br \/>\nRoss Antony pr\u00e4sentiert Party 2021<br \/>\nSchlager Aktuell Vol.9<br \/>\nSchlager Bild 2021<br \/>\nSchlagerdiscosommer 2020<br \/>\nSchlager f\u00fcr Alle 2<br \/>\nSchlager f\u00fcr Alle Fr\u00fchjahr Sommer 2020<br \/>\nSchlager f\u00fcr Alle Fr\u00fchjahr Sommer 2021<br \/>\nSchlagergiganten<br \/>\nSchlagerhits 2022<br \/>\nSchlagerhitmix XXL 2020<br \/>\nSchlagermegamix 2019.2<br \/>\nSchlagerparty 2023<br \/>\nSchlagerpiloten Das Beste (2022)<br \/>\nSchlagersommer 2020<br \/>\nSchlager Nacht des Jahres 2018<br \/>\nSchlager- und Volksmusikstars<br \/>\nSommer Bild 2022<br \/>\nSo sch\u00f6n kann Musi sein 2020(Folx TV Sampler)<br \/>\nSpiel mir einer Vol.6<br \/>\nSpitzenreiter 2018<br \/>\nSWR 4 Schlagerfastnacht Vol.4<br \/>\nTaufrisch Schlager 2020<br \/>\nUnsere Hits 2018<br \/>\nUte Bresan pr\u00e4sentiert: Ihre Wunschhits 2022<br \/>\nVolksmusik Hits 2021<br \/>\nWir sind Schlager 2022<br \/>\nZillertaler Geigenfest<br \/>\nZillertaler Haderlumpen Zum Abschied das Beste<br \/>\nu.v.a.<\/p>\n","protected":false},"excerpt":{"rendered":"<p>Kompositionen \/ Teilkompositionen und Texte \/ Textteile von mir sind erschienen auf Tontr\u00e4gern von:\u00a0 Alex Baumgartner (A) Alex Reichinger (A) Alexander Ferro Alexandra Schmied (A) Alpenland Sepp &amp; Co (CH) Alpenwind (CH) Anna Maria Zimmermann &nbsp; Amelie Ricca Amigos Andreas Hastreiter (A) Anita und Alexandra Hofmann Atlantis (A) Bandhouse (A) Bellissa Belsy &amp; Florian (Fesl) [&hellip;]<\/p>\n","protected":false},"author":1,"featured_media":0,"parent":0,"menu_order":0,"comment_status":"open","ping_status":"open","template":"","meta":[],"_links":{"self":[{"href":"https:\/\/www.natascha-arnold.com\/index.php?rest_route=\/wp\/v2\/pages\/3787"}],"collection":[{"href":"https:\/\/www.natascha-arnold.com\/index.php?rest_route=\/wp\/v2\/pages"}],"about":[{"href":"https:\/\/www.natascha-arnold.com\/index.php?rest_route=\/wp\/v2\/types\/page"}],"author":[{"embeddable":true,"href":"https:\/\/www.natascha-arnold.com\/index.php?rest_route=\/wp\/v2\/users\/1"}],"replies":[{"embeddable":true,"href":"https:\/\/www.natascha-arnold.com\/index.php?rest_route=%2Fwp%2Fv2%2Fcomments&post=3787"}],"version-history":[{"count":5,"href":"https:\/\/www.natascha-arnold.com\/index.php?rest_route=\/wp\/v2\/pages\/3787\/revisions"}],"predecessor-version":[{"id":8129,"href":"https:\/\/www.natascha-arnold.com\/index.php?rest_route=\/wp\/v2\/pages\/3787\/revisions\/8129"}],"wp:attachment":[{"href":"https:\/\/www.natascha-arnold.com\/index.php?rest_route=%2Fwp%2Fv2%2Fmedia&parent=3787"}],"curies":[{"name":"wp","href":"https:\/\/api.w.org\/{rel}","templated":true}]}}