{"id":3918,"date":"2010-03-09T04:11:08","date_gmt":"2010-03-09T03:11:08","guid":{"rendered":"http:\/\/www.natascha-arnold.com\/?page_id=3918"},"modified":"2025-10-01T07:10:27","modified_gmt":"2025-10-01T06:10:27","slug":"backing-vocals","status":"publish","type":"page","link":"https:\/\/www.natascha-arnold.com\/?page_id=3918","title":{"rendered":"Backing-Vocals"},"content":{"rendered":"<h6><\/h6>\n<h4>Hier sind diverse Videos eingestellt von Produktionen, bei denen ich den Background gesungen habe.<\/h4>\n<h6><\/h6>\n<p><strong>F\u00fcr alle Discofox-Freunde: <\/strong><\/p>\n<h6><\/h6>\n<p>Bei diesem Song der Paldauer bin ich in den Backings zu h\u00f6ren.<\/p>\n<p><iframe loading=\"lazy\" src=\"https:\/\/www.youtube.com\/embed\/G75pLdBZnyg\" width=\"560\" height=\"315\" frameborder=\"0\" allowfullscreen=\"allowfullscreen\"><\/iframe><\/p>\n<h4><\/h4>\n<p>Jonathan Zelter, der Shootingstar schlechthin, den man mittlerweile nicht mehr mit Backings unterst\u00fczten muss.<\/p>\n<p><iframe loading=\"lazy\" src=\"https:\/\/www.youtube.com\/embed\/tt_nRxHx1Hk\" width=\"560\" height=\"315\" frameborder=\"0\" allowfullscreen=\"allowfullscreen\"><\/iframe><\/p>\n<h4><\/h4>\n<p>Die Trovatos durfte ich gesanglich unterst\u00fctzen bei ihrer Single 2016.<\/p>\n<p><iframe loading=\"lazy\" src=\"https:\/\/www.youtube.com\/embed\/ABrMM98yBN0\" width=\"560\" height=\"315\" frameborder=\"0\" allowfullscreen=\"allowfullscreen\"><\/iframe><\/p>\n<h4><\/h4>\n<p>Hier bin ich in einem von sechs Songs aus dem Album 2015 im Chor zu h\u00f6ren.<\/p>\n<p><iframe loading=\"lazy\" src=\"https:\/\/www.youtube.com\/embed\/dEZfZEASFKU\" width=\"560\" height=\"315\" frameborder=\"0\" allowfullscreen=\"allowfullscreen\"><\/iframe><\/p>\n<h4><\/h4>\n<p>Hier bin ich im Background des Titels &#8222;Schiff ahoi&#8220; zu h\u00f6ren, die Single 2016.<\/p>\n<p><iframe loading=\"lazy\" src=\"https:\/\/www.youtube.com\/embed\/Tc06E1Toluk\" width=\"560\" height=\"315\" frameborder=\"0\" allowfullscreen=\"allowfullscreen\"><\/iframe><\/p>\n<h4><\/h4>\n<p>Bei von Gr\u00fcndorf singe ich im Background des Titels &#8222;Sei mittendrin&#8220;.<\/p>\n<p><iframe loading=\"lazy\" src=\"https:\/\/www.youtube.com\/embed\/6Ygw7pJqvHA\" width=\"560\" height=\"315\" frameborder=\"0\" allowfullscreen=\"allowfullscreen\"><\/iframe><\/p>\n<h4><\/h4>\n<p>Auch im Background dieses Titels aus 2015 bin ich zu h\u00f6ren.<\/p>\n<p><iframe loading=\"lazy\" src=\"https:\/\/www.youtube.com\/embed\/1d8-E4dba64\" width=\"560\" height=\"315\" frameborder=\"0\" allowfullscreen=\"allowfullscreen\"><\/iframe><\/p>\n<h4><\/h4>\n<p>Das gesamte Album dieser Band besang ich mit meinen Backings, nat\u00fcrlich auch diesen Song.<\/p>\n<p><iframe loading=\"lazy\" src=\"\/\/www.youtube.com\/embed\/gbLvh0TIAS4\" width=\"560\" height=\"315\" frameborder=\"0\" allowfullscreen=\"allowfullscreen\"><\/iframe><\/p>\n<h4><\/h4>\n<p>Hier singe ich im Background des Titels &#8222;Manchmal ist es besser, wenn du l\u00fcgst&#8220;.<\/p>\n<p><iframe loading=\"lazy\" src=\"\/\/www.youtube.com\/embed\/CpGZUrmly9k\" width=\"560\" height=\"315\" frameborder=\"0\" allowfullscreen=\"allowfullscreen\"><\/iframe><\/p>\n<h4><\/h4>\n<p>Desweiteren sang ich bei den Backing- Vocals von dem Titel &#8222;Gott hatte einen Traum&#8220; mit.<\/p>\n<p><iframe loading=\"lazy\" src=\"https:\/\/www.youtube.com\/embed\/0GwZZH_VPOg\" width=\"560\" height=\"315\" frameborder=\"0\" allowfullscreen=\"allowfullscreen\"><\/iframe><\/p>\n<h4><\/h4>\n<h4><\/h4>\n<p><strong>F\u00fcr alle Volksmusik-Fans:<\/strong><\/p>\n<h6><\/h6>\n<p>Diese sehr erfolgreiche Band aus der Steiermark beauftragen mich schon einige Jahre, ihre Alben zu bechoren. Hier ein Song aus ihrem vorletzten Album.<\/p>\n<p><iframe loading=\"lazy\" src=\"https:\/\/www.youtube.com\/embed\/KSAIuXtnLo4\" width=\"560\" height=\"315\" frameborder=\"0\" allowfullscreen=\"allowfullscreen\"><\/iframe><\/p>\n<h6><\/h6>\n<p>F\u00fcr die letzte Produktion der Zillertaler Haderlumpen komponierte ich 6 Songs, u.a. diesen, den ich auch textete. Bei den Backings bin ich ausserdem zu h\u00f6ren.<\/p>\n<p><iframe loading=\"lazy\" src=\"https:\/\/www.youtube.com\/embed\/Z9POzlGPrgg\" width=\"560\" height=\"315\" frameborder=\"0\" allowfullscreen=\"allowfullscreen\"><\/iframe><\/p>\n<h6><\/h6>\n<p><object width=\"500\" height=\"315\"><param name=\"movie\" value=\"http:\/\/www.youtube.com\/v\/GI8zguzd504&amp;hl=de_DE&amp;fs=1&amp;color1=0xe1600f&amp;color2=0xfebd01&amp;border=1\" \/><param name=\"allowFullScreen\" value=\"true\" \/><param name=\"allowscriptaccess\" value=\"always\" \/><embed src=\"http:\/\/www.youtube.com\/v\/GI8zguzd504&amp;hl=de_DE&amp;fs=1&amp;color1=0xe1600f&amp;color2=0xfebd01&amp;border=1\" type=\"application\/x-shockwave-flash\" allowscriptaccess=\"always\" allowfullscreen=\"allowfullscreen\" width=\"500\" height=\"315\" \/><\/object><\/p>\n<h4><\/h4>\n<p>Einen gef\u00fchlvollen S\u00e4nger h\u00f6ren Sie bei diesem Song, der in 2019 ver\u00f6ffentlicht wurde. Bei den Backings bin ich dabei.<\/p>\n<p><object width=\"640\" height=\"360\"><iframe loading=\"lazy\" src=\"https:\/\/www.youtube.com\/embed\/-vlCsIAedMo\" allow=\"accelerometer; autoplay; encrypted-media; gyroscope; picture-in-picture\" allowfullscreen=\"allowfullscreen\" width=\"560\" height=\"315\" frameborder=\"0\"><\/iframe><\/p>\n<h6><\/h6>\n<p>&nbsp;<\/object><\/p>\n","protected":false},"excerpt":{"rendered":"<p>Hier sind diverse Videos eingestellt von Produktionen, bei denen ich den Background gesungen habe. F\u00fcr alle Discofox-Freunde: Bei diesem Song der Paldauer bin ich in den Backings zu h\u00f6ren. Jonathan Zelter, der Shootingstar schlechthin, den man mittlerweile nicht mehr mit Backings unterst\u00fczten muss. Die Trovatos durfte ich gesanglich unterst\u00fctzen bei ihrer Single 2016. Hier bin [&hellip;]<\/p>\n","protected":false},"author":1,"featured_media":0,"parent":0,"menu_order":0,"comment_status":"open","ping_status":"open","template":"","meta":[],"_links":{"self":[{"href":"https:\/\/www.natascha-arnold.com\/index.php?rest_route=\/wp\/v2\/pages\/3918"}],"collection":[{"href":"https:\/\/www.natascha-arnold.com\/index.php?rest_route=\/wp\/v2\/pages"}],"about":[{"href":"https:\/\/www.natascha-arnold.com\/index.php?rest_route=\/wp\/v2\/types\/page"}],"author":[{"embeddable":true,"href":"https:\/\/www.natascha-arnold.com\/index.php?rest_route=\/wp\/v2\/users\/1"}],"replies":[{"embeddable":true,"href":"https:\/\/www.natascha-arnold.com\/index.php?rest_route=%2Fwp%2Fv2%2Fcomments&post=3918"}],"version-history":[{"count":5,"href":"https:\/\/www.natascha-arnold.com\/index.php?rest_route=\/wp\/v2\/pages\/3918\/revisions"}],"predecessor-version":[{"id":8132,"href":"https:\/\/www.natascha-arnold.com\/index.php?rest_route=\/wp\/v2\/pages\/3918\/revisions\/8132"}],"wp:attachment":[{"href":"https:\/\/www.natascha-arnold.com\/index.php?rest_route=%2Fwp%2Fv2%2Fmedia&parent=3918"}],"curies":[{"name":"wp","href":"https:\/\/api.w.org\/{rel}","templated":true}]}}